{"id":2,"date":"2014-04-29T14:08:06","date_gmt":"2014-04-29T14:08:06","guid":{"rendered":"http:\/\/galundaina.galandum.co.pt\/?page_id=2"},"modified":"2021-10-27T00:38:39","modified_gmt":"2021-10-27T00:38:39","slug":"imprensa","status":"publish","type":"page","link":"http:\/\/www.galandum.co.pt\/?page_id=2","title":{"rendered":"Recortes"},"content":{"rendered":"\n<blockquote class=\"wp-block-quote\"><p>&#8220;Embaixadores da m\u00fasica mirandesa&#8230;&#8221;<\/p><p><a href=\"http:\/\/www.noticiasaominuto.com\/cultura\/506837\/embaixadores-da-musica-mirandesa-comemoram-20-anos-com-novas-sonoridades\" target=\"_blank\" rel=\"noopener\">Lusa &#8211; 19 de dezembro de 2015<\/a><\/p><p>&#8220;It was hard to sit still while listening to the Portuguese quartet Galandum Galundaina, who played a regional folk music from north-east Portugal with \u201cfeel-good\u201d songs speaking of a rural lifestyle and love. Their high-spirited, infectious tunes are still reverberating in my head.&#8221;<\/p><p><a href=\"https:\/\/theartsdesk.com\/new-music\/theartsdesk-borneo-rainforest-world-music-festival?page=0%2C1\" target=\"_blank\" rel=\"noopener\">Iris Brooks, &#8211; Theartsdesk in Borneo, 4 de setembro de 2010<\/a><\/p><p>&#8220;(&#8230;) os Galandum Galundaina s\u00e3o um dos mais s\u00f3lidos e modernos projectos da m\u00fasica tradicional portuguesa, raiana, ib\u00e9rica.&#8221;<\/p><p><a href=\"http:\/\/cronicasdaterra.com\/cronicas\/?p=4810\" target=\"_blank\" rel=\"noopener\">Lu\u00eds Rei &#8211; Cr\u00f3nicas da Terra &#8211; Terra Pura, 18 de agosto de 2010<\/a><\/p><p>&#8220;O som do grupo \u00e9 como um desfibrilador que devia ser instalado em cada leitor de cd&#8217;s. Mostra o pulsar da m\u00fasica, um of\u00edcio de vitalidade.&#8221;<\/p><p><a href=\"https:\/\/visao.sapo.pt\/jornaldeletras\/musica\/2010-04-07-a-tradicao-faz-se-todos-os-diasf554485\/\" target=\"_blank\" rel=\"noopener\">S\u00e9rgio Coimbra &#8211; Jornal de Letras, 7 de abril de 2010<\/a><\/p><p>&#8220;Uma magn\u00edfica tradu\u00e7\u00e3o moderna da m\u00fasica raiana.&#8221;<\/p><p><a href=\"http:\/\/aeiou.expresso.pt\/critica-de-musica-de-2-a-9-de-abril-de-2010=f573882\" target=\"_blank\" rel=\"noopener\">Jo\u00e3o Lisboa &#8211; Expresso, 2 de abril de 2010<\/a><\/p><p>&#8220;Uma raz\u00e3o para amar Portugal. \u00c9 folclore mas n\u00e3o \u00e9 purista. \u00c9 o passado como o passado deve ser ouvido no futuro. \u00c9 tremendo e (n\u00e3o) \u00e9 portugu\u00eas.&#8221;<\/p><p><a href=\"http:\/\/ipsilon.publico.pt\/cinema\/filme.aspx?id=252453\" target=\"_blank\" rel=\"noopener\">Jo\u00e3o Bonif\u00e1cio &#8211; suplemento Y, P\u00fablico, 12 de mar\u00e7o de 2010<\/a><\/p><p>&#8220;Purismo n\u00e3o, g\u00e9nio sim.&#8221;<\/p><p><a href=\"http:\/\/www.publico.pt\/culturaipsilon\/noticia\/purismo-nao-genio-sim-252417\" target=\"_blank\" rel=\"noopener\">Jo\u00e3o Bonif\u00e1cio &#8211; suplemento Y, P\u00fablico, 11 de mar\u00e7o de 2010<\/a><\/p><\/blockquote>\n","protected":false},"excerpt":{"rendered":"<p>&#8220;Embaixadores da m\u00fasica mirandesa&#8230;&#8221; Lusa &#8211; 19 de dezembro de 2015 &#8220;It was hard to sit still while listening to the Portuguese quartet Galandum Galundaina, who played a regional folk music from north-east Portugal with \u201cfeel-good\u201d songs speaking of a rural lifestyle and love. Their high-spirited, infectious tunes are still reverberating in my head.&#8221; Iris [&hellip;]<\/p>\n","protected":false},"author":1,"featured_media":0,"parent":0,"menu_order":0,"comment_status":"closed","ping_status":"closed","template":"page-full-width.php","meta":[],"_links":{"self":[{"href":"http:\/\/www.galandum.co.pt\/index.php?rest_route=\/wp\/v2\/pages\/2"}],"collection":[{"href":"http:\/\/www.galandum.co.pt\/index.php?rest_route=\/wp\/v2\/pages"}],"about":[{"href":"http:\/\/www.galandum.co.pt\/index.php?rest_route=\/wp\/v2\/types\/page"}],"author":[{"embeddable":true,"href":"http:\/\/www.galandum.co.pt\/index.php?rest_route=\/wp\/v2\/users\/1"}],"replies":[{"embeddable":true,"href":"http:\/\/www.galandum.co.pt\/index.php?rest_route=%2Fwp%2Fv2%2Fcomments&post=2"}],"version-history":[{"count":54,"href":"http:\/\/www.galandum.co.pt\/index.php?rest_route=\/wp\/v2\/pages\/2\/revisions"}],"predecessor-version":[{"id":909,"href":"http:\/\/www.galandum.co.pt\/index.php?rest_route=\/wp\/v2\/pages\/2\/revisions\/909"}],"wp:attachment":[{"href":"http:\/\/www.galandum.co.pt\/index.php?rest_route=%2Fwp%2Fv2%2Fmedia&parent=2"}],"curies":[{"name":"wp","href":"https:\/\/api.w.org\/{rel}","templated":true}]}}